{"id":2,"date":"2025-10-08T08:29:34","date_gmt":"2025-10-08T08:29:34","guid":{"rendered":"http:\/\/malocabelledemai.fr\/?page_id=2"},"modified":"2026-01-08T12:01:39","modified_gmt":"2026-01-08T12:01:39","slug":"sample-page","status":"publish","type":"page","link":"https:\/\/malocabelledemai.fr\/index.php\/sample-page\/","title":{"rendered":"Bienvenue \u00e0 Maloca &#8211; \u00e9v\u00e9nements"},"content":{"rendered":"\n<p>Maloca est une association qui rassemble des \u00e9v\u00e9nements artistiques et culturels.<\/p>\n\n\n\n<blockquote class=\"wp-block-quote is-layout-flow wp-block-quote-is-layout-flow\">\n<p>J&#8217;aime beaucoup la veranda, c&#8217;est tr\u00e8s appaisant. (quelqu&#8217;un)<\/p>\n<\/blockquote>\n\n\n\n\t\t<div class=\"wpfc-calendar-wrapper\"><form class=\"wpfc-calendar\" id=\"wpfc-calendar-44423\"><\/form><div class=\"wpfc-loading\"><\/div><\/div>\r\n\t\t<div class=\"wpfc-calendar-search\" style=\"display:none;\">\r\n\t\t\t\t\t<\/div>\r\n\t\t<script type=\"text\/javascript\">\r\n\t\t\tWPFC.data = {\r\n\t\t\t\taction : 'WP_FullCalendar',\r\n\t\t\t\t'type' : 'page','month' : 3,'year' : 2026,\t\t\t };\r\n\t\t\tWPFC.month = 3;\r\n\t\t\tWPFC.year = 2026;\r\n\t\t<\/script>\r\n\t\t\n\n\n\n<p>Histoire du lieu :<\/p>\n\n\n\n<blockquote class=\"wp-block-quote is-layout-flow wp-block-quote-is-layout-flow\">\n<p>Ancienne savonerie. Convertie en garage, puis en habitation avec restaurant et concerts. Nous honorons le but offert \u00e0 ce lieu par le propri\u00e9taire pr\u00e9c\u00e9dent tout en nous impliquant physiquement \u00e0 son entretien et la convenabilit\u00e9 des activit\u00e9s pratiqu\u00e9es.<\/p>\n<\/blockquote>\n\n\n\n<p><\/p>\n","protected":false},"excerpt":{"rendered":"<p>Maloca est une association qui rassemble des \u00e9v\u00e9nements artistiques et culturels. J&#8217;aime beaucoup la veranda, c&#8217;est tr\u00e8s appaisant. (quelqu&#8217;un) Histoire du lieu : Ancienne savonerie. Convertie en garage, puis en habitation avec restaurant et concerts. Nous honorons le but offert \u00e0 ce lieu par le propri\u00e9taire pr\u00e9c\u00e9dent tout en nous impliquant physiquement \u00e0 son entretien [&hellip;]<\/p>\n","protected":false},"author":1,"featured_media":0,"parent":0,"menu_order":0,"comment_status":"closed","ping_status":"open","template":"","meta":{"footnotes":""},"class_list":["post-2","page","type-page","status-publish","hentry"],"_links":{"self":[{"href":"https:\/\/malocabelledemai.fr\/index.php\/wp-json\/wp\/v2\/pages\/2","targetHints":{"allow":["GET"]}}],"collection":[{"href":"https:\/\/malocabelledemai.fr\/index.php\/wp-json\/wp\/v2\/pages"}],"about":[{"href":"https:\/\/malocabelledemai.fr\/index.php\/wp-json\/wp\/v2\/types\/page"}],"author":[{"embeddable":true,"href":"https:\/\/malocabelledemai.fr\/index.php\/wp-json\/wp\/v2\/users\/1"}],"replies":[{"embeddable":true,"href":"https:\/\/malocabelledemai.fr\/index.php\/wp-json\/wp\/v2\/comments?post=2"}],"version-history":[{"count":5,"href":"https:\/\/malocabelledemai.fr\/index.php\/wp-json\/wp\/v2\/pages\/2\/revisions"}],"predecessor-version":[{"id":17,"href":"https:\/\/malocabelledemai.fr\/index.php\/wp-json\/wp\/v2\/pages\/2\/revisions\/17"}],"wp:attachment":[{"href":"https:\/\/malocabelledemai.fr\/index.php\/wp-json\/wp\/v2\/media?parent=2"}],"curies":[{"name":"wp","href":"https:\/\/api.w.org\/{rel}","templated":true}]}}